{"id":3,"date":"2024-06-30T15:50:03","date_gmt":"2024-06-30T15:50:03","guid":{"rendered":"https:\/\/jgfpatrimonial.com.br\/site\/?page_id=3"},"modified":"2024-07-21T18:15:09","modified_gmt":"2024-07-21T18:15:09","slug":"politica-de-privacidade","status":"publish","type":"page","link":"https:\/\/jgfpatrimonial.com.br\/site\/politica-de-privacidade\/","title":{"rendered":"Pol\u00edtica de Privacidade"},"content":{"rendered":"\t\t<div data-elementor-type=\"wp-page\" data-elementor-id=\"3\" class=\"elementor elementor-3\" data-elementor-post-type=\"page\">\n\t\t\t\t<div class=\"elementor-element elementor-element-ef1ac9c e-flex e-con-boxed e-con e-parent\" data-id=\"ef1ac9c\" data-element_type=\"container\">\n\t\t\t\t\t<div class=\"e-con-inner\">\n\t\t\t\t<div class=\"elementor-element elementor-element-36617223 elementor-widget elementor-widget-text-editor\" data-id=\"36617223\" data-element_type=\"widget\" data-widget_type=\"text-editor.default\">\n\t\t\t\t<div class=\"elementor-widget-container\">\n\t\t\t<style>\/*! elementor - v3.21.0 - 26-05-2024 *\/\n.elementor-widget-text-editor.elementor-drop-cap-view-stacked .elementor-drop-cap{background-color:#69727d;color:#fff}.elementor-widget-text-editor.elementor-drop-cap-view-framed .elementor-drop-cap{color:#69727d;border:3px solid;background-color:transparent}.elementor-widget-text-editor:not(.elementor-drop-cap-view-default) .elementor-drop-cap{margin-top:8px}.elementor-widget-text-editor:not(.elementor-drop-cap-view-default) .elementor-drop-cap-letter{width:1em;height:1em}.elementor-widget-text-editor .elementor-drop-cap{float:left;text-align:center;line-height:1;font-size:50px}.elementor-widget-text-editor .elementor-drop-cap-letter{display:inline-block}<\/style>\t\t\t\t<p><!-- wp:heading --><\/p>\n<p>\u00a0<\/p>\n<p><strong style=\"color: var( --e-global-color-text ); font-family: var( --e-global-typography-text-font-family ), mont; font-size: var( --e-global-typography-text-font-size ); text-align: var(--text-align);\">1. OBJETIVO<\/strong><\/p>\n<p>Esta pol\u00edtica tem por objetivo introduzir a\u00e7\u00f5es visando \u00e0 conformidade com a Lei Geral de Prote\u00e7\u00e3o de Dados (Lei 13.709\/2018) e legisla\u00e7\u00f5es correlatas, garantindo a transpar\u00eancia nas atividades que envolvem o tratamento de dados pessoais e prote\u00e7\u00e3o aos direitos dos titulares de dados pessoais, seja ele cliente, parceiro, fornecedor ou colaborador (usu\u00e1rios do site aplicativos e sistemas da JGF Monitoramento Patrimonial 24hs).<\/p>\n<p><strong>2. CAMPO DE APLICA\u00c7\u00c3O<\/strong><br \/>A presente pol\u00edtica se aplica a empresa JGF Monitoramento Patrimonial 24hs que divulga, controla e assegura o compromisso com a seguran\u00e7a e inviolabilidade dos dados pessoais coletados quando h\u00e1 intera\u00e7\u00e3o atrav\u00e9s do site oficial da empresa ou aplicativos e sistema geridos por esta.<\/p>\n<p><strong>3. DEFINI\u00c7\u00d5ES, SIGLAS E ABREVIATURAS<\/strong><br \/>LGPD \u2013 Lei Geral de Prote\u00e7\u00e3o de Dados Pessoais;<br \/>ANPD \u2013 Autoridade Nacional de Prote\u00e7\u00e3o de Dados;<\/p>\n<p><strong>Tratamento de Dados \u2013<\/strong> Toda opera\u00e7\u00e3o realizada com dados pessoais, como as que se referem \u00e0 coleta, produ\u00e7\u00e3o, recep\u00e7\u00e3o, classifica\u00e7\u00e3o, utiliza\u00e7\u00e3o, acesso, reprodu\u00e7\u00e3o, transmiss\u00e3o, distribui\u00e7\u00e3o, processamento, arquivamento, armazenamento, elimina\u00e7\u00e3o, avalia\u00e7\u00e3o ou controle da informa\u00e7\u00e3o, modifica\u00e7\u00e3o, comunica\u00e7\u00e3o, transfer\u00eancia, difus\u00e3o ou extra\u00e7\u00e3o;<\/p>\n<p><strong>Dado Pessoal \u2013<\/strong> Informa\u00e7\u00e3o relacionada \u00e0 pessoa natural identificada ou identific\u00e1vel;<\/p>\n<p><strong>Dado Pessoal Sens\u00edvel \u2013<\/strong> Dado pessoal sobre origem racial ou \u00e9tnica, convic\u00e7\u00e3o religiosa, opini\u00e3o pol\u00edtica, filia\u00e7\u00e3o a sindicato ou a organiza\u00e7\u00e3o de car\u00e1ter religioso, filos\u00f3fico ou pol\u00edtico, dado referente \u00e0 sa\u00fade ou \u00e0 vida sexual, dado gen\u00e9tico ou biom\u00e9trico, quando vinculado a uma pessoa natural;<\/p>\n<p><strong>Titular \u2013<\/strong> Pessoa natural a quem se referem os dados pessoais que s\u00e3o objeto de tratamento;<\/p>\n<p><strong>Controlador \u2013<\/strong> Pessoa natural ou jur\u00eddica, de direito p\u00fablico ou privado, a quem competem as decis\u00f5es referentes ao tratamento de dados pessoais;<\/p>\n<p><strong>Operador \u2013<\/strong> Pessoa natural ou jur\u00eddica, de direito p\u00fablico ou privado, que realiza o tratamento de dados pessoais em nome do controlador;<\/p>\n<p><strong>Encarregado ou colaborador \u2013<\/strong> Pessoa indicada pelo controlador e operador para atuar como canal de comunica\u00e7\u00e3o entre o controlador, os titulares dos dados e a Autoridade Nacional de Prote\u00e7\u00e3o de Dados (ANPD).<\/p>\n<p><strong>4. DIRETRIZES GERAIS<\/strong><br \/>A empresa JGF Monitoramento Patrimonial 24hs tem por objetivo manter confidenciais os dados pessoais e dados pessoais sens\u00edveis fornecidos ao site oficial compromete-se a n\u00e3o tratar os dados pessoais obtidos atrav\u00e9s do site oficial, aplicativos ou sistemas geridos pela empresa, para finalidades diversas da informada ao titular, a menos que seja obrigado a faz\u00ea-lo mediante ordem judicial e\/ou para atender obriga\u00e7\u00f5es legais;<br \/>O titular garante a veracidade e exatid\u00e3o dos dados pessoais fornecidos \u00e0 JGF Monitoramento Patrimonial 24hs.<\/p>\n<p><strong>5. REFER\u00caNCIAS NORMATIVAS E BIBLIOGR\u00c1FICAS<\/strong><br \/>Lei 13.709\/2018 (LGPD): Lei Geral de Prote\u00e7\u00e3o de Dados Pessoais.<\/p>\n<p><strong>6. ATIVIDADES DE TRATAMENTO DE DADOS PESSOAIS<\/strong><br \/><strong>6.1 PREENCHIMENTO DE FORMUL\u00c1RIOS NO SITE<\/strong><br \/>a) Formul\u00e1rio Fale Conosco \/ Ouvidoria<\/p>\n<p>Ao acessar nosso site, para fins informativos ou de contato, o usu\u00e1rio ter\u00e1 acesso ao formul\u00e1rio Fale Conosco\/Ouvidoria e deve indicar dados pessoais como: Nome; E-mail; Telefone; Cidade; Assunto.<br \/>Esses dados s\u00e3o coletados para que a empresa possa retornar o contato com o usu\u00e1rio e responder \u00e0s solicita\u00e7\u00f5es realizadas.<\/p>\n<p><strong>b) Trabalhe Conosco<\/strong><\/p>\n<p>Ao manifestar o interesse, atrav\u00e9s do site oficial, em trabalhar em nossa empresa, o candidato ser\u00e1 redirecionado ao um formul\u00e1rio do Google, criado pela empresa respons\u00e1vel pelo desenvolvimento do site e sobre o controle de nosso setor de recrutamento para fins do processo de recrutamento e sele\u00e7\u00e3o da empresa.<br \/>O formul\u00e1rio recebe as informa\u00e7\u00f5es do candidato e armazena todas as informa\u00e7\u00f5es relacionadas em uma planilha as quais ser\u00e3o exclu\u00eddas definitivamente no m\u00e1ximo em 06 meses da inscri\u00e7\u00e3o ou \u00e0 qualquer tempo, mediante solicita\u00e7\u00e3o dos candidatos.<br \/>Ao receber os dados pessoais do candidato, nosso setor de recrutamento utiliza as medidas adequadas para mant\u00ea-los em seguran\u00e7a, armazenando as informa\u00e7\u00f5es somente pelo per\u00edodo necess\u00e1rio para atender \u00e0 finalidade do processo seletivo.<\/p>\n<p><strong>c) Formul\u00e1rio de Solicita\u00e7\u00e3o de fornecimento de Servi\u00e7os e\/ou Or\u00e7amentos<\/strong><\/p>\n<p>Esse formul\u00e1rio \u00e9 espec\u00edfico para o usu\u00e1rio do site solicitar o fornecimento de algum servi\u00e7o e\/ou or\u00e7amento. Para esta atividade espec\u00edfica, o usu\u00e1rio dever\u00e1 fornecer os seguintes dados pessoais:<br \/>Nome;<br \/>E-mail;<br \/>Telefone; Cidade; Empresa.<\/p>\n<p>Os dados coletados no formul\u00e1rio de or\u00e7amento t\u00eam a finalidade de identificar e realizar um cadastro para o contato na inten\u00e7\u00e3o de confirmar ou n\u00e3o a presta\u00e7\u00e3o de um servi\u00e7o.<\/p>\n<p>\u00a0<\/p>\n<p>6.2 TRATAMENTO DE DADOS PESSOAIS DE CRIAN\u00c7AS E ADOLESCENTES<br \/>A JGF Monitoramento Patrimonial 24hs n\u00e3o realiza o tratamento de Dados Pessoais de Crian\u00e7as e Adolescentes por meio do seu site oficial. Contudo, caso seja necess\u00e1rio, o tratamento ser\u00e1 realizado com o consentimento espec\u00edfico de, pelo menos, um dos pais ou pelo respons\u00e1vel legal, sempre visando o melhor interesse do menor nos termos da Lei Geral de Prote\u00e7\u00e3o de Dados.<\/p>\n<p><strong>6.3 TRATAMENTO DE DADOS PESSOAIS SENS\u00cdVEIS<\/strong><br \/>A JGF Monitoramento Patrimonial 24hs, em regra, n\u00e3o coleta dados pessoais sens\u00edveis por meio do seu site oficial.<\/p>\n<p><strong>7. COOKIES DE NAVEGA\u00c7\u00c3O<\/strong><br \/>A JGF Monitoramento Patrimonial 24hs faz uso de Cookies em seu site oficial com a finalidade de promover sua funcionalidade integral, garantir uma melhor experi\u00eancia ao usu\u00e1rio, analisar estat\u00edsticas, comportamento e prefer\u00eancias do cliente.<br \/>Contudo, \u00e9 garantido ao titular dos dados o controle de uso dos cookies por meio de configura\u00e7\u00e3o do Navegador, estando ciente que, em caso de desativa\u00e7\u00e3o, poder\u00e1 ser limitado o uso de recursos e fun\u00e7\u00f5es das P\u00e1ginas.<\/p>\n<p><strong>8. COMPARTILHAMENTO DE DADOS<\/strong><br \/>A JGF Monitoramento Patrimonial 24hs poder\u00e1 compartilhar dados pessoais com o objetivo de cumprir finalidades espec\u00edficas e garantir a operacionaliza\u00e7\u00e3o e desenvolvimento da atividade empresarial:<br \/>Com empresas parceiras e prestadores de servi\u00e7os necess\u00e1rios \u00e0 execu\u00e7\u00e3o dos servi\u00e7os, sempre exigindo de tais organiza\u00e7\u00f5es o cumprimento das diretrizes de seguran\u00e7a e prote\u00e7\u00e3o de dados; e<br \/>Com autoridades judiciais, administrativas ou governamentais competentes, sempre que houver determina\u00e7\u00e3o legal, requerimento, requisi\u00e7\u00e3o ou ordem judicial.<br \/>O compartilhamento de dados pessoais realizado pela JGF Monitoramento Patrimonial 24hs observa todas as medidas de seguran\u00e7a necess\u00e1rias para garantir a confidencialidade e integridade das informa\u00e7\u00f5es.<br \/>Em caso de transfer\u00eancia internacional de dados, se compromete a observar na transmiss\u00e3o os normativos aplic\u00e1veis.<\/p>\n<p><strong>9. SEGURAN\u00c7A DOS DADOS E PRAZO DE RETEN\u00c7\u00c3O<\/strong><br \/>A JGF Monitoramento Patrimonial 24hs adota todas as medidas t\u00e9cnicas e administrativas necess\u00e1rias para proteger os dados pessoais de situa\u00e7\u00f5es acidentais ou il\u00edcitas de destrui\u00e7\u00e3o, acessos n\u00e3o autorizados, perda, altera\u00e7\u00e3o, comunica\u00e7\u00e3o ou difus\u00e3o.<br \/>Ademais, os dados pessoais tratados somente ser\u00e3o mantidos at\u00e9 o alcance da finalidade espec\u00edfica ou at\u00e9 quando deixaram de ser necess\u00e1rios e\/ou pertinentes ao alcance da finalidade do tratamento, sendo eliminados ou anonimizados, se for o caso, dentro dos limites t\u00e9cnicos das atividades.<\/p>\n<p><strong>10. DIREITO DOS TITULARES<\/strong><br \/>A inten\u00e7\u00e3o da JGF Monitoramento Patrimonial 24hs \u00e9 tornar a rela\u00e7\u00e3o com todos os usu\u00e1rios o mais transparente poss\u00edvel.<br \/>Sendo assim, por meio do formul\u00e1rio de contato, o titular de dados pessoais poder\u00e1 solicitar, a qualquer tempo:<br \/>a confirma\u00e7\u00e3o da exist\u00eancia de tratamento;<br \/>acesso aos dados;<br \/>a retifica\u00e7\u00e3o de dados incompletos, inexatos ou desatualizados;<br \/>a anonimiza\u00e7\u00e3o, bloqueio ou elimina\u00e7\u00e3o de dados desnecess\u00e1rios, excessivos ou tratados em desconformidade com esta Pol\u00edtica;<br \/>a transmiss\u00e3o de Dados a um fornecedor ou prestador de servi\u00e7o;<br \/>a elimina\u00e7\u00e3o de Dados tratados mediante seu consentimento;<br \/>informa\u00e7\u00e3o das entidades p\u00fablicas e privadas com as quais seus dados foram compartilhados;<br \/>informa\u00e7\u00e3o sobre a possibilidade de n\u00e3o fornecer consentimento e suas consequ\u00eancias; e<br \/>a revoga\u00e7\u00e3o de seu consentimento.<\/p>\n<p><strong>11. ALTERA\u00c7\u00d5ES<\/strong><br \/>A JGF Monitoramento Patrimonial 24hs poder\u00e1, a qualquer momento, alterar os termos da presente Pol\u00edtica, sem necessidade de pr\u00e9via comunica\u00e7\u00e3o ao Titular.<br \/>Caso haja alguma altera\u00e7\u00e3o, a nova vers\u00e3o ser\u00e1 imediatamente divulgada no site oficial.<\/p>\n<p><strong>12. CONTATO<\/strong><br \/>Em caso de d\u00favida, sugest\u00e3o ou solicita\u00e7\u00e3o que envolva este documento, entre em contato com nosso Encarregado pelo Tratamento de Dados Pessoais, atrav\u00e9s do e-mail: atendimento@jgfpatrimonial.com.br.<\/p>\t\t\t\t\t\t<\/div>\n\t\t\t\t<\/div>\n\t\t\t\t\t<\/div>\n\t\t\t\t<\/div>\n\t\t\t\t<\/div>\n\t\t","protected":false},"excerpt":{"rendered":"<p>\u00a0 1. OBJETIVO Esta pol\u00edtica tem por objetivo introduzir a\u00e7\u00f5es visando \u00e0 conformidade com a Lei Geral de Prote\u00e7\u00e3o de Dados (Lei 13.709\/2018) e legisla\u00e7\u00f5es correlatas, garantindo a transpar\u00eancia nas atividades que envolvem o tratamento de dados pessoais e prote\u00e7\u00e3o aos direitos dos titulares de dados pessoais, seja ele cliente, parceiro, fornecedor ou colaborador (usu\u00e1rios [&hellip;]<\/p>\n","protected":false},"author":1,"featured_media":898,"parent":0,"menu_order":0,"comment_status":"closed","ping_status":"closed","template":"","meta":{"footnotes":""},"class_list":["post-3","page","type-page","status-publish","has-post-thumbnail","hentry"],"_links":{"self":[{"href":"https:\/\/jgfpatrimonial.com.br\/site\/wp-json\/wp\/v2\/pages\/3","targetHints":{"allow":["GET"]}}],"collection":[{"href":"https:\/\/jgfpatrimonial.com.br\/site\/wp-json\/wp\/v2\/pages"}],"about":[{"href":"https:\/\/jgfpatrimonial.com.br\/site\/wp-json\/wp\/v2\/types\/page"}],"author":[{"embeddable":true,"href":"https:\/\/jgfpatrimonial.com.br\/site\/wp-json\/wp\/v2\/users\/1"}],"replies":[{"embeddable":true,"href":"https:\/\/jgfpatrimonial.com.br\/site\/wp-json\/wp\/v2\/comments?post=3"}],"version-history":[{"count":13,"href":"https:\/\/jgfpatrimonial.com.br\/site\/wp-json\/wp\/v2\/pages\/3\/revisions"}],"predecessor-version":[{"id":901,"href":"https:\/\/jgfpatrimonial.com.br\/site\/wp-json\/wp\/v2\/pages\/3\/revisions\/901"}],"wp:featuredmedia":[{"embeddable":true,"href":"https:\/\/jgfpatrimonial.com.br\/site\/wp-json\/wp\/v2\/media\/898"}],"wp:attachment":[{"href":"https:\/\/jgfpatrimonial.com.br\/site\/wp-json\/wp\/v2\/media?parent=3"}],"curies":[{"name":"wp","href":"https:\/\/api.w.org\/{rel}","templated":true}]}}